{"id":1201,"date":"2026-02-12T07:41:08","date_gmt":"2026-02-12T06:41:08","guid":{"rendered":"https:\/\/phytotherapie.at\/wordpress\/?page_id=1201"},"modified":"2026-02-12T07:41:23","modified_gmt":"2026-02-12T06:41:23","slug":"teilnahmeformular-tage-der-arzneipflanzen-2026","status":"publish","type":"page","link":"https:\/\/www.phytotherapie.at\/wordpress\/teilnahmeformular-tage-der-arzneipflanzen-2026\/","title":{"rendered":"Teilnahmeformular-Tage der Arzneipflanzen 2026"},"content":{"rendered":"<div class=\"wpforms-container wpforms-container-full wpforms-block wpforms-block-dda84dbe-ec5c-4e3b-8ff2-6dc57410f4b9\" id=\"wpforms-1195\"><form id=\"wpforms-form-1195\" class=\"wpforms-validate wpforms-form wpforms-ajax-form\" data-formid=\"1195\" method=\"post\" enctype=\"multipart\/form-data\" action=\"\/wordpress\/wp-json\/wp\/v2\/pages\/1201?wpforms_form_id=1195\" data-token=\"5c93c34e9963b33a39348b202fb5247a\" data-token-time=\"1777130656\"><noscript class=\"wpforms-error-noscript\">Bitte aktiviere JavaScript in deinem Browser, um dieses Formular fertigzustellen.<\/noscript><div class=\"wpforms-field-container\"><div id=\"wpforms-1195-field_4-container\" class=\"wpforms-field wpforms-field-divider\" data-field-id=\"4\"><h3 id=\"wpforms-1195-field_4\">Informationen zu Ihrer Institution<\/h3><\/div><div id=\"wpforms-1195-field_6-container\" class=\"wpforms-field wpforms-field-text\" data-field-id=\"6\"><label class=\"wpforms-field-label\" for=\"wpforms-1195-field_6\">Bezeichnung <span class=\"wpforms-required-label\">*<\/span><\/label><input type=\"text\" id=\"wpforms-1195-field_6\" class=\"wpforms-field-medium wpforms-field-required\" name=\"wpforms[fields][6]\" required><\/div><div id=\"wpforms-1195-field_2-container\" class=\"wpforms-field wpforms-field-address\" data-field-id=\"2\"><label class=\"wpforms-field-label\">Adresse <span class=\"wpforms-required-label\">*<\/span><\/label><div class=\"wpforms-field-row wpforms-field-medium\"><div ><input type=\"text\" id=\"wpforms-1195-field_2\" class=\"wpforms-field-address-address1 wpforms-field-required\" name=\"wpforms[fields][2][address1]\" required><label for=\"wpforms-1195-field_2\" class=\"wpforms-field-sublabel after\">Adresse Zeile 1<\/label><\/div><\/div><div class=\"wpforms-field-row wpforms-field-medium\"><div ><input type=\"text\" id=\"wpforms-1195-field_2-address2\" class=\"wpforms-field-address-address2\" name=\"wpforms[fields][2][address2]\" ><label for=\"wpforms-1195-field_2-address2\" class=\"wpforms-field-sublabel after\">Anschrift Zusatz<\/label><\/div><\/div><div class=\"wpforms-field-row wpforms-field-medium\"><div class=\"wpforms-field-row-block wpforms-one-half wpforms-first\"><input type=\"text\" id=\"wpforms-1195-field_2-city\" class=\"wpforms-field-address-city wpforms-field-required\" name=\"wpforms[fields][2][city]\" required><label for=\"wpforms-1195-field_2-city\" class=\"wpforms-field-sublabel after\">Stadt<\/label><\/div><div class=\"wpforms-field-row-block wpforms-one-half\"><input type=\"text\" id=\"wpforms-1195-field_2-state\" class=\"wpforms-field-address-state wpforms-field-required\" name=\"wpforms[fields][2][state]\" required><label for=\"wpforms-1195-field_2-state\" class=\"wpforms-field-sublabel after\">Region<\/label><\/div><\/div><div class=\"wpforms-field-row wpforms-field-medium\"><div class=\"wpforms-field-row-block wpforms-one-half wpforms-first\"><input type=\"text\" id=\"wpforms-1195-field_2-postal\" class=\"wpforms-field-address-postal wpforms-field-required\" name=\"wpforms[fields][2][postal]\" required><label for=\"wpforms-1195-field_2-postal\" class=\"wpforms-field-sublabel after\">Postleitzahl<\/label><\/div><\/div><\/div><div id=\"wpforms-1195-field_5-container\" class=\"wpforms-field wpforms-field-divider\" data-field-id=\"5\"><h3 id=\"wpforms-1195-field_5\">Informationen zur Kontaktperson<\/h3><\/div><div id=\"wpforms-1195-field_10-container\" class=\"wpforms-field wpforms-field-text\" data-field-id=\"10\"><label class=\"wpforms-field-label\" for=\"wpforms-1195-field_10\">Anrede<\/label><input type=\"text\" id=\"wpforms-1195-field_10\" class=\"wpforms-field-medium\" name=\"wpforms[fields][10]\" ><\/div><div id=\"wpforms-1195-field_7-container\" class=\"wpforms-field wpforms-field-name\" data-field-id=\"7\"><label class=\"wpforms-field-label\">Name <span class=\"wpforms-required-label\">*<\/span><\/label><div class=\"wpforms-field-row wpforms-field-medium\"><div class=\"wpforms-field-row-block wpforms-first wpforms-one-half\"><input type=\"text\" id=\"wpforms-1195-field_7\" class=\"wpforms-field-name-first wpforms-field-required\" name=\"wpforms[fields][7][first]\" required><label for=\"wpforms-1195-field_7\" class=\"wpforms-field-sublabel after\">Vorname<\/label><\/div><div class=\"wpforms-field-row-block wpforms-one-half\"><input type=\"text\" id=\"wpforms-1195-field_7-last\" class=\"wpforms-field-name-last wpforms-field-required\" name=\"wpforms[fields][7][last]\" required><label for=\"wpforms-1195-field_7-last\" class=\"wpforms-field-sublabel after\">Nachname<\/label><\/div><\/div><\/div><div id=\"wpforms-1195-field_8-container\" class=\"wpforms-field wpforms-field-email\" data-field-id=\"8\"><label class=\"wpforms-field-label\" for=\"wpforms-1195-field_8\">E-Mail <span class=\"wpforms-required-label\">*<\/span><\/label><input type=\"email\" id=\"wpforms-1195-field_8\" class=\"wpforms-field-medium wpforms-field-required\" name=\"wpforms[fields][8]\" spellcheck=\"false\" required><\/div><div id=\"wpforms-1195-field_9-container\" class=\"wpforms-field wpforms-field-phone\" data-field-id=\"9\"><label class=\"wpforms-field-label\" for=\"wpforms-1195-field_9\">Telefon<\/label><input type=\"tel\" id=\"wpforms-1195-field_9\" class=\"wpforms-field-medium wpforms-smart-phone-field\" data-rule-smart-phone-field=\"true\" name=\"wpforms[fields][9]\" aria-label=\"Telefon\" ><\/div><div id=\"wpforms-1195-field_11-container\" class=\"wpforms-field wpforms-field-divider\" data-field-id=\"11\"><h3 id=\"wpforms-1195-field_11\">Informationen zum geplanten Veranstaltungsprogramm<\/h3><\/div><div id=\"wpforms-1195-field_12-container\" class=\"wpforms-field wpforms-field-payment-checkbox wpforms-list-3-columns\" data-field-id=\"12\"><label class=\"wpforms-field-label\">\u00d6ffnungszeiten <span class=\"wpforms-required-label\">*<\/span><\/label><ul id=\"wpforms-1195-field_12\" class=\"wpforms-field-required\"><li class=\"choice-1\"><input type=\"checkbox\" id=\"wpforms-1195-field_12_1\" class=\"wpforms-payment-price\" data-amount=\"0,00\" name=\"wpforms[fields][12][]\" value=\"1\" required ><label class=\"wpforms-field-label-inline\" for=\"wpforms-1195-field_12_1\">Freitag, 12. Juni<\/label><\/li><li class=\"choice-2\"><input type=\"checkbox\" id=\"wpforms-1195-field_12_2\" class=\"wpforms-payment-price\" data-amount=\"0,00\" name=\"wpforms[fields][12][]\" value=\"2\" required ><label class=\"wpforms-field-label-inline\" for=\"wpforms-1195-field_12_2\">Samstag, 13. Juni<\/label><\/li><li class=\"choice-3\"><input type=\"checkbox\" id=\"wpforms-1195-field_12_3\" class=\"wpforms-payment-price\" data-amount=\"0,00\" name=\"wpforms[fields][12][]\" value=\"3\" required ><label class=\"wpforms-field-label-inline\" for=\"wpforms-1195-field_12_3\">Sonntag, 14. Juni<\/label><\/li><\/ul><\/div><div id=\"wpforms-1195-field_20-container\" class=\"wpforms-field wpforms-field-textarea\" data-field-id=\"20\"><label class=\"wpforms-field-label\" for=\"wpforms-1195-field_20\">Angabe der \u00d6ffnungszeiten<\/label><textarea id=\"wpforms-1195-field_20\" class=\"wpforms-field-medium\" name=\"wpforms[fields][20]\" placeholder=\"z.B. Freitag, 14-18 Uhr, Samstag 10-16 Uhr, Sonntag 9-12 Uhr\" ><\/textarea><\/div><div id=\"wpforms-1195-field_15-container\" class=\"wpforms-field wpforms-field-payment-checkbox wpforms-list-3-columns\" data-field-id=\"15\"><label class=\"wpforms-field-label\">Geplantes Veranstaltungsprogramm <span class=\"wpforms-required-label\">*<\/span><\/label><ul id=\"wpforms-1195-field_15\" class=\"wpforms-field-required\"><li class=\"choice-1\"><input type=\"checkbox\" id=\"wpforms-1195-field_15_1\" class=\"wpforms-payment-price\" data-amount=\"0,00\" name=\"wpforms[fields][15][]\" value=\"1\" required ><label class=\"wpforms-field-label-inline\" for=\"wpforms-1195-field_15_1\">F\u00fchrungen<\/label><\/li><li class=\"choice-2\"><input type=\"checkbox\" id=\"wpforms-1195-field_15_2\" class=\"wpforms-payment-price\" data-amount=\"0,00\" name=\"wpforms[fields][15][]\" value=\"2\" required ><label class=\"wpforms-field-label-inline\" for=\"wpforms-1195-field_15_2\">Vortr\u00e4ge<\/label><\/li><li class=\"choice-3\"><input type=\"checkbox\" id=\"wpforms-1195-field_15_3\" class=\"wpforms-payment-price\" data-amount=\"0,00\" name=\"wpforms[fields][15][]\" value=\"3\" required ><label class=\"wpforms-field-label-inline\" for=\"wpforms-1195-field_15_3\">Sonstiges<\/label><\/li><\/ul><\/div><div id=\"wpforms-1195-field_21-container\" class=\"wpforms-field wpforms-field-textarea\" data-field-id=\"21\"><label class=\"wpforms-field-label\" for=\"wpforms-1195-field_21\">Beschreibung des geplanten Veranstaltungsprogrammes<\/label><textarea id=\"wpforms-1195-field_21\" class=\"wpforms-field-medium\" name=\"wpforms[fields][21]\" ><\/textarea><\/div><div id=\"wpforms-1195-field_18-container\" class=\"wpforms-field wpforms-field-url\" data-field-id=\"18\"><label class=\"wpforms-field-label\" for=\"wpforms-1195-field_18\">Link zu Ihrem Internetauftritt<\/label><input type=\"url\" id=\"wpforms-1195-field_18\" class=\"wpforms-field-medium\" name=\"wpforms[fields][18]\" ><\/div><div id=\"wpforms-1195-field_19-container\" class=\"wpforms-field wpforms-field-file-upload\" data-field-id=\"19\"><label class=\"wpforms-field-label\" for=\"wpforms-1195-field_19\">Logo, Bilddatei, Flyer, Programm etc.<\/label><div\n\t\tclass=\"wpforms-uploader \"\n\t\tdata-field-id=\"19\"\n\t\tdata-form-id=\"1195\"\n\t\tdata-input-name=\"wpforms_1195_19\"\n\t\tdata-extensions=\"jpg,png,pdf\"\n\t\tdata-max-size=\"268435456\"\n\t\tdata-max-file-number=\"3\"\n\t\tdata-post-max-size=\"268435456\"\n\t\tdata-max-parallel-uploads=\"4\"\n\t\tdata-parallel-uploads=\"true\"\n\t\tdata-file-chunk-size=\"2097152\">\n\t<div class=\"dz-message\">\n\t\t<svg  viewBox=\"0 0 640 640\" focusable=\"false\" data-icon=\"inbox\" width=\"50px\" height=\"50px\" fill=\"currentColor\" aria-hidden=\"true\">\n\t\t\t<path d=\"M352 173.3L352 384C352 401.7 337.7 416 320 416C302.3 416 288 401.7 288 384L288 173.3L246.6 214.7C234.1 227.2 213.8 227.2 201.3 214.7C188.8 202.2 188.8 181.9 201.3 169.4L297.3 73.4C309.8 60.9 330.1 60.9 342.6 73.4L438.6 169.4C451.1 181.9 451.1 202.2 438.6 214.7C426.1 227.2 405.8 227.2 393.3 214.7L352 173.3zM320 464C364.2 464 400 428.2 400 384L480 384C515.3 384 544 412.7 544 448L544 480C544 515.3 515.3 544 480 544L160 544C124.7 544 96 515.3 96 480L96 448C96 412.7 124.7 384 160 384L240 384C240 428.2 275.8 464 320 464zM464 488C477.3 488 488 477.3 488 464C488 450.7 477.3 440 464 440C450.7 440 440 450.7 440 464C440 477.3 450.7 488 464 488z\"\/>\n\t\t<\/svg>\n\n\t\t<span class=\"modern-title\">\n\t\t\t\t\t\t\tDrag &amp; Drop Files, \t\t\t\t<span>Choose Files to Upload<\/span>\n\t\t\t\t\t<\/span>\n\n\t\t\t\t\t<span class=\"modern-hint\">Du kannst bis zu 3 Dateien hochladen.<\/span>\n\t\t\t<\/div>\n<\/div>\n\n<input\n\t\ttype=\"text\"\n\t\tautocomplete=\"off\"\n\t\treadonly\n\t\tclass=\"dropzone-input\"\n\t\tstyle=\"position:absolute!important;clip:rect(0,0,0,0)!important;height:1px!important;width:1px!important;border:0!important;overflow:hidden!important;padding:0!important;margin:0!important;\"\n\t\tid=\"wpforms-1195-field_19\"\n\t\tname=\"wpforms_1195_19\" \t\tvalue=\"\">\n<\/div><div id=\"wpforms-1195-field_22-container\" class=\"wpforms-field wpforms-field-checkbox\" data-field-id=\"22\"><label class=\"wpforms-field-label\">Einverst\u00e4ndniserkl\u00e4rung <span class=\"wpforms-required-label\">*<\/span><\/label><ul id=\"wpforms-1195-field_22\" class=\"wpforms-field-required\"><li class=\"choice-1 depth-1\"><input type=\"checkbox\" id=\"wpforms-1195-field_22_1\" name=\"wpforms[fields][22][]\" value=\"Mit der Anmeldung zu den Tagen der Arzneipflanzen erkl\u00e4rt sich der\/die Teilnehmer*in dazu bereit, dass  die beteiligte Einrichtung inklusive Informationen \u00fcber Standort, Kontaktdaten, \u00d6ffnungszeiten und das geplante Programm zur Veranstaltung auf unserer Homepage (www.phytotherapie.at) angek\u00fcndigt sowie \u00fcber soziale Medien\u00a0beworben\u00a0wird.\" required ><label class=\"wpforms-field-label-inline\" for=\"wpforms-1195-field_22_1\">Mit der Anmeldung zu den Tagen der Arzneipflanzen erkl\u00e4rt sich der\/die Teilnehmer*in dazu bereit, dass  die beteiligte Einrichtung inklusive Informationen \u00fcber Standort, Kontaktdaten, \u00d6ffnungszeiten und das geplante Programm zur Veranstaltung auf unserer Homepage (www.phytotherapie.at) angek\u00fcndigt sowie \u00fcber soziale Medien\u00a0beworben\u00a0wird.<\/label><\/li><\/ul><\/div><\/div><!-- .wpforms-field-container --><div class=\"wpforms-submit-container\" ><input type=\"hidden\" name=\"wpforms[id]\" value=\"1195\"><input type=\"hidden\" name=\"page_title\" value=\"\"><input type=\"hidden\" name=\"page_url\" value=\"https:\/\/www.phytotherapie.at\/wordpress\/wp-json\/wp\/v2\/pages\/1201\"><input type=\"hidden\" name=\"url_referer\" value=\"\"><button type=\"submit\" name=\"wpforms[submit]\" id=\"wpforms-submit-1195\" class=\"wpforms-submit\" data-alt-text=\"Senden\u2026\" data-submit-text=\"Absenden\" aria-live=\"assertive\" value=\"wpforms-submit\">Absenden<\/button><img loading=\"lazy\" decoding=\"async\" src=\"https:\/\/www.phytotherapie.at\/wordpress\/wp-content\/plugins\/wpforms\/assets\/images\/submit-spin.svg\" class=\"wpforms-submit-spinner\" style=\"display: none;\" width=\"26\" height=\"26\" alt=\"Wird geladen\"><\/div><\/form><\/div>  <!-- .wpforms-container -->\n\n\n<p><\/p>\n","protected":false},"excerpt":{"rendered":"","protected":false},"author":1,"featured_media":0,"parent":0,"menu_order":0,"comment_status":"closed","ping_status":"closed","template":"","meta":{"footnotes":""},"class_list":["post-1201","page","type-page","status-publish","hentry"],"_links":{"self":[{"href":"https:\/\/www.phytotherapie.at\/wordpress\/wp-json\/wp\/v2\/pages\/1201","targetHints":{"allow":["GET"]}}],"collection":[{"href":"https:\/\/www.phytotherapie.at\/wordpress\/wp-json\/wp\/v2\/pages"}],"about":[{"href":"https:\/\/www.phytotherapie.at\/wordpress\/wp-json\/wp\/v2\/types\/page"}],"author":[{"embeddable":true,"href":"https:\/\/www.phytotherapie.at\/wordpress\/wp-json\/wp\/v2\/users\/1"}],"replies":[{"embeddable":true,"href":"https:\/\/www.phytotherapie.at\/wordpress\/wp-json\/wp\/v2\/comments?post=1201"}],"version-history":[{"count":2,"href":"https:\/\/www.phytotherapie.at\/wordpress\/wp-json\/wp\/v2\/pages\/1201\/revisions"}],"predecessor-version":[{"id":1203,"href":"https:\/\/www.phytotherapie.at\/wordpress\/wp-json\/wp\/v2\/pages\/1201\/revisions\/1203"}],"wp:attachment":[{"href":"https:\/\/www.phytotherapie.at\/wordpress\/wp-json\/wp\/v2\/media?parent=1201"}],"curies":[{"name":"wp","href":"https:\/\/api.w.org\/{rel}","templated":true}]}}