{"id":76,"date":"2021-12-17T23:08:33","date_gmt":"2021-12-17T22:08:33","guid":{"rendered":"https:\/\/phytotherapie.at\/wordpress\/?page_id=76"},"modified":"2021-12-17T23:08:34","modified_gmt":"2021-12-17T22:08:34","slug":"antrag-auf-mitgliedschaft","status":"publish","type":"page","link":"https:\/\/www.phytotherapie.at\/wordpress\/antrag-auf-mitgliedschaft\/","title":{"rendered":"Antrag auf Mitgliedschaft"},"content":{"rendered":"<div class=\"wpforms-container wpforms-container-full wpforms-block\" id=\"wpforms-15\"><form id=\"wpforms-form-15\" class=\"wpforms-validate wpforms-form wpforms-ajax-form\" data-formid=\"15\" method=\"post\" enctype=\"multipart\/form-data\" action=\"\/wordpress\/wp-json\/wp\/v2\/pages\/76\" data-token=\"9d5489467b70520cb2eacc19d83671e6\" data-token-time=\"1777637095\"><noscript class=\"wpforms-error-noscript\">Bitte aktiviere JavaScript in deinem Browser, um dieses Formular fertigzustellen.<\/noscript><div class=\"wpforms-field-container\"><div id=\"wpforms-15-field_4-container\" class=\"wpforms-field wpforms-field-select wpforms-field-select-style-classic\" data-field-id=\"4\"><label class=\"wpforms-field-label\" for=\"wpforms-15-field_4\">Anrede <span class=\"wpforms-required-label\">*<\/span><\/label><select id=\"wpforms-15-field_4\" class=\"wpforms-field-medium wpforms-field-required\" name=\"wpforms[fields][4]\" required=\"required\"><option value=\"Frau\"  class=\"choice-1 depth-1\"  >Frau<\/option><option value=\"Herr\"  class=\"choice-2 depth-1\"  >Herr<\/option><option value=\"Divers\"  class=\"choice-3 depth-1\"  >Divers<\/option><\/select><\/div><div id=\"wpforms-15-field_2-container\" class=\"wpforms-field wpforms-field-name\" data-field-id=\"2\"><label class=\"wpforms-field-label\">Name <span class=\"wpforms-required-label\">*<\/span><\/label><div class=\"wpforms-field-row wpforms-field-medium\"><div class=\"wpforms-field-row-block wpforms-first wpforms-one-half\"><input type=\"text\" id=\"wpforms-15-field_2\" class=\"wpforms-field-name-first wpforms-field-required\" name=\"wpforms[fields][2][first]\" required><label for=\"wpforms-15-field_2\" class=\"wpforms-field-sublabel after\">Vorname<\/label><\/div><div class=\"wpforms-field-row-block wpforms-one-half\"><input type=\"text\" id=\"wpforms-15-field_2-last\" class=\"wpforms-field-name-last wpforms-field-required\" name=\"wpforms[fields][2][last]\" required><label for=\"wpforms-15-field_2-last\" class=\"wpforms-field-sublabel after\">Nachname<\/label><\/div><\/div><\/div><div id=\"wpforms-15-field_3-container\" class=\"wpforms-field wpforms-field-text\" data-field-id=\"3\"><label class=\"wpforms-field-label\" for=\"wpforms-15-field_3\">Akademischer Grad, Titel<\/label><input type=\"text\" id=\"wpforms-15-field_3\" class=\"wpforms-field-medium\" name=\"wpforms[fields][3]\" ><\/div><div id=\"wpforms-15-field_5-container\" class=\"wpforms-field wpforms-field-text\" data-field-id=\"5\"><label class=\"wpforms-field-label\" for=\"wpforms-15-field_5\">T\u00e4tigkeitsbereich \/ Berufsbeschreibung <span class=\"wpforms-required-label\">*<\/span><\/label><input type=\"text\" id=\"wpforms-15-field_5\" class=\"wpforms-field-medium wpforms-field-required\" name=\"wpforms[fields][5]\" required><div class=\"wpforms-field-description\">Ordination, Apotheke, Praxis, Universit\u00e4t, etc.<\/div><\/div><div id=\"wpforms-15-field_7-container\" class=\"wpforms-field wpforms-field-text\" data-field-id=\"7\"><label class=\"wpforms-field-label\" for=\"wpforms-15-field_7\">Stra\u00dfe <span class=\"wpforms-required-label\">*<\/span><\/label><input type=\"text\" id=\"wpforms-15-field_7\" class=\"wpforms-field-medium wpforms-field-required\" name=\"wpforms[fields][7]\" required><\/div><div id=\"wpforms-15-field_9-container\" class=\"wpforms-field wpforms-field-number\" data-field-id=\"9\"><label class=\"wpforms-field-label\" for=\"wpforms-15-field_9\">PLZ <span class=\"wpforms-required-label\">*<\/span><\/label><input type=\"number\" id=\"wpforms-15-field_9\" class=\"wpforms-field-medium wpforms-field-required\" name=\"wpforms[fields][9]\" step=\"any\" required><\/div><div id=\"wpforms-15-field_8-container\" class=\"wpforms-field wpforms-field-text\" data-field-id=\"8\"><label class=\"wpforms-field-label\" for=\"wpforms-15-field_8\">Ort <span class=\"wpforms-required-label\">*<\/span><\/label><input type=\"text\" id=\"wpforms-15-field_8\" class=\"wpforms-field-medium wpforms-field-required\" name=\"wpforms[fields][8]\" required><\/div><div id=\"wpforms-15-field_10-container\" class=\"wpforms-field wpforms-field-email\" data-field-id=\"10\"><label class=\"wpforms-field-label\" for=\"wpforms-15-field_10\">E-Mail <span class=\"wpforms-required-label\">*<\/span><\/label><input type=\"email\" id=\"wpforms-15-field_10\" class=\"wpforms-field-medium wpforms-field-required\" name=\"wpforms[fields][10]\" spellcheck=\"false\" required><\/div><div id=\"wpforms-15-field_11-container\" class=\"wpforms-field wpforms-field-number\" data-field-id=\"11\"><label class=\"wpforms-field-label\" for=\"wpforms-15-field_11\">Telefonnummer<\/label><input type=\"number\" id=\"wpforms-15-field_11\" class=\"wpforms-field-medium\" name=\"wpforms[fields][11]\" step=\"any\" ><\/div><div id=\"wpforms-15-field_12-container\" class=\"wpforms-field wpforms-field-number\" data-field-id=\"12\"><label class=\"wpforms-field-label\" for=\"wpforms-15-field_12\">Fax<\/label><input type=\"number\" id=\"wpforms-15-field_12\" class=\"wpforms-field-medium\" name=\"wpforms[fields][12]\" step=\"any\" ><\/div><div id=\"wpforms-15-field_14-container\" class=\"wpforms-field wpforms-field-checkbox\" data-field-id=\"14\"><label class=\"wpforms-field-label\">Ich beantrage die Mitgliedschaft als ordentliches Mitglied. Der Mitgliedsbeitrag betr\u00e4gt \u20ac 30\/Jahr. Bitte senden Sie mir auch die Zeitschrift und den kostenlosen Newsletter zu. Ich stimme zu, dass <span class=\"wpforms-required-label\">*<\/span><\/label><ul id=\"wpforms-15-field_14\" class=\"wpforms-field-required\" data-choice-limit=\"2\"><li class=\"choice-1 depth-1\"><input type=\"checkbox\" id=\"wpforms-15-field_14_1\" data-rule-check-limit=\"true\" name=\"wpforms[fields][14][]\" value=\"o.a. Daten in das Mitgliederverzeichnis der \u00d6GPHYT aufgenommen werden\" required ><label class=\"wpforms-field-label-inline\" for=\"wpforms-15-field_14_1\">o.a. Daten in das Mitgliederverzeichnis der \u00d6GPHYT aufgenommen werden<\/label><\/li><li class=\"choice-2 depth-1\"><input type=\"checkbox\" id=\"wpforms-15-field_14_2\" data-rule-check-limit=\"true\" name=\"wpforms[fields][14][]\" value=\"ich das Datenschutzkonzept der \u00d6GPYHT zur Kenntnis genommen habe.\" required ><label class=\"wpforms-field-label-inline\" for=\"wpforms-15-field_14_2\">ich das Datenschutzkonzept der \u00d6GPYHT zur Kenntnis genommen habe.<\/label><\/li><\/ul><div class=\"wpforms-field-description wpforms-disclaimer-description\">Datenschutzerkl\u00e4rung gem\u00e4\u00df Artikel 13 und 14 DSGVO<br \/>\r\n<br \/>\r\nGrundlegendes<br \/>\r\nDiese Datenschutzerkl\u00e4rung soll die Nutzer dieser Website \u00fcber die Art, den Umfang und den Zweck der Erhebung und Verwendung personenbezogener Daten durch den Websitebetreiber info@phytotherapie.at informieren.<br \/>\r\n<br \/>\r\nDer Websitebetreiber nimmt Ihren Datenschutz sehr ernst und behandelt Ihre personenbezogenen Daten vertraulich und entsprechend der gesetzlichen Vorschriften. Da durch neue Technologien und die st\u00e4ndige Weiterentwicklung dieser Webseite \u00c4nderungen an dieser Datenschutzerkl\u00e4rung vorgenommen werden k\u00f6nnen, empfehlen wir Ihnen sich die Datenschutzerkl\u00e4rung in regelm\u00e4\u00dfigen Abst\u00e4nden wieder durchzulesen.<br \/>\r\n<br \/>\r\nDefinitionen der verwendeten Begriffe (z.B. \u201cpersonenbezogene Daten\u201d oder \u201cVerarbeitung\u201d) finden Sie in Art. 4 DSGVO.<br \/>\r\n<br \/>\r\nDas vollst\u00e4ndige Datenschutzkonzept ist hier als PDF downloadbar.<br \/>\r\n<br \/>\r\nZugriffsdaten<br \/>\r\nWir, der Websitebetreiber bzw. Seitenprovider, erheben aufgrund unseres berechtigten Interesses (s. Art. 6 Abs. 1 lit. f. DSGVO) Daten \u00fcber Zugriffe auf die Website und speichern diese als \u201eServer-Logfiles\u201c auf dem Server der Website ab. Folgende Daten werden so protokolliert:<br \/>\r\n<br \/>\r\n    Besuchte Website<br \/>\r\n    Uhrzeit zum Zeitpunkt des Zugriffes<br \/>\r\n    Menge der gesendeten Daten in Byte<br \/>\r\n    Quelle\/Verweis, von welchem Sie auf die Seite gelangten<br \/>\r\n    Verwendeter Browser<br \/>\r\n    Verwendetes Betriebssystem<br \/>\r\n    Verwendete IP-Adresse<br \/>\r\n<br \/>\r\nDie Server-Logfiles werden f\u00fcr maximal 7 Tage gespeichert und anschlie\u00dfend gel\u00f6scht. Die Speicherung der Daten erfolgt aus Sicherheitsgr\u00fcnden, um z. B. Missbrauchsf\u00e4lle aufkl\u00e4ren zu k\u00f6nnen. M\u00fcssen Daten aus Beweisgr\u00fcnden aufgehoben werden, sind sie solange von der L\u00f6schung ausgenommen bis der Vorfall endg\u00fcltig gekl\u00e4rt ist.<br \/>\r\n<br \/>\r\nDefinitionen der verwendeten Begriffe (z.B. \u201cpersonenbezogene Daten\u201d oder \u201cVerarbeitung\u201d) finden Sie in Art. 4 DSGVO.<br \/>\r\n<br \/>\r\nUmgang mit Kontaktdaten<br \/>\r\nNehmen Sie mit uns als Websitebetreiber durch die angebotenen Kontaktm\u00f6glichkeiten Verbindung auf, werden Ihre Angaben gespeichert, damit auf diese zur Bearbeitung und Beantwortung Ihrer Anfrage zur\u00fcckgegriffen werden kann. Ohne Ihre Einwilligung werden diese Daten nicht an Dritte weitergegeben.<br \/>\r\n<br \/>\r\nRechte des Nutzers<br \/>\r\nNehmen Sie mit uns als Websitebetreiber durch die angebotenen Kontaktm\u00f6glichkeiten Verbindung auf, werden Ihre Angaben gespeichert, damit auf diese zur Bearbeitung und Beantwortung Ihrer Anfrage zur\u00fcckgegriffen werden kann. Ohne Ihre Einwilligung werden diese Daten nicht an Dritte weitergegeben.<br \/>\r\n<br \/>\r\nL\u00f6schung von Daten<br \/>\r\nSofern Ihr Wunsch nicht mit einer gesetzlichen Pflicht zur Aufbewahrung von Daten (z. B. Vorratsdatenspeicherung) kollidiert, haben Sie ein Anrecht auf L\u00f6schung Ihrer Daten. Von uns gespeicherte Daten werden, sollten sie f\u00fcr ihre Zweckbestimmung nicht mehr vonn\u00f6ten sein und es keine gesetzlichen Aufbewahrungsfristen geben, gel\u00f6scht. Falls eine L\u00f6schung nicht durchgef\u00fchrt werden kann, da die Daten f\u00fcr zul\u00e4ssige gesetzliche Zwecke erforderlich sind, erfolgt eine Einschr\u00e4nkung der Datenverarbeitung. In diesem Fall werden die Daten gesperrt und nicht f\u00fcr andere Zwecke verarbeitet.<br \/>\r\n<br \/>\r\nWiderspruchsrecht<br \/>\r\nNutzer dieser Webseite k\u00f6nnen von ihrem Widerspruchsrecht Gebrauch machen und der Verarbeitung ihrer personenbezogenen Daten zu jeder Zeit widersprechen. Wenn Sie eine Berichtigung, Sperrung, L\u00f6schung oder Auskunft \u00fcber die zu Ihrer Person gespeicherten personenbezogenen Daten w\u00fcnschen oder Fragen bzgl. der Erhebung, Verarbeitung oder Verwendung Ihrer personenbezogenen Daten haben oder erteilte Einwilligungen widerrufen m\u00f6chten, wenden Sie sich bitte an folgende E-Mail-Adresse: info@phytotherapie.at<\/div><\/div><\/div><!-- .wpforms-field-container --><div class=\"wpforms-submit-container\" ><input type=\"hidden\" name=\"wpforms[id]\" value=\"15\"><input type=\"hidden\" name=\"page_title\" value=\"\"><input type=\"hidden\" name=\"page_url\" value=\"https:\/\/www.phytotherapie.at\/wordpress\/wp-json\/wp\/v2\/pages\/76\"><input type=\"hidden\" name=\"url_referer\" value=\"\"><button type=\"submit\" name=\"wpforms[submit]\" id=\"wpforms-submit-15\" class=\"wpforms-submit\" data-alt-text=\"Senden...\" data-submit-text=\"Absenden\" aria-live=\"assertive\" value=\"wpforms-submit\">Absenden<\/button><img loading=\"lazy\" decoding=\"async\" src=\"https:\/\/www.phytotherapie.at\/wordpress\/wp-content\/plugins\/wpforms\/assets\/images\/submit-spin.svg\" class=\"wpforms-submit-spinner\" style=\"display: none;\" width=\"26\" height=\"26\" alt=\"Wird geladen\"><\/div><\/form><\/div>  <!-- .wpforms-container -->","protected":false},"excerpt":{"rendered":"","protected":false},"author":1,"featured_media":0,"parent":0,"menu_order":0,"comment_status":"closed","ping_status":"closed","template":"","meta":{"footnotes":""},"class_list":["post-76","page","type-page","status-publish","hentry"],"_links":{"self":[{"href":"https:\/\/www.phytotherapie.at\/wordpress\/wp-json\/wp\/v2\/pages\/76","targetHints":{"allow":["GET"]}}],"collection":[{"href":"https:\/\/www.phytotherapie.at\/wordpress\/wp-json\/wp\/v2\/pages"}],"about":[{"href":"https:\/\/www.phytotherapie.at\/wordpress\/wp-json\/wp\/v2\/types\/page"}],"author":[{"embeddable":true,"href":"https:\/\/www.phytotherapie.at\/wordpress\/wp-json\/wp\/v2\/users\/1"}],"replies":[{"embeddable":true,"href":"https:\/\/www.phytotherapie.at\/wordpress\/wp-json\/wp\/v2\/comments?post=76"}],"version-history":[{"count":1,"href":"https:\/\/www.phytotherapie.at\/wordpress\/wp-json\/wp\/v2\/pages\/76\/revisions"}],"predecessor-version":[{"id":77,"href":"https:\/\/www.phytotherapie.at\/wordpress\/wp-json\/wp\/v2\/pages\/76\/revisions\/77"}],"wp:attachment":[{"href":"https:\/\/www.phytotherapie.at\/wordpress\/wp-json\/wp\/v2\/media?parent=76"}],"curies":[{"name":"wp","href":"https:\/\/api.w.org\/{rel}","templated":true}]}}