{"id":1213,"date":"2026-02-23T21:02:07","date_gmt":"2026-02-23T20:02:07","guid":{"rendered":"https:\/\/phytotherapie.at\/wordpress\/?post_type=product&#038;p=1213"},"modified":"2026-03-09T19:24:28","modified_gmt":"2026-03-09T18:24:28","slug":"pharmakobotanische-exkursion-in-tirol-hahntennjoch-20-juni-2026-mitglied","status":"publish","type":"product","link":"https:\/\/www.phytotherapie.at\/wordpress\/produkt\/pharmakobotanische-exkursion-in-tirol-hahntennjoch-20-juni-2026-mitglied\/","title":{"rendered":"Pharmakobotanische Exkursion in Tirol &#8211; Hahntennjoch 20. Juni 2026 | Mitglied"},"content":{"rendered":"<p><b>Halbt\u00e4gige Pharmakobotanische Exkursion<\/b> mit <b>Mag. Lechner-Pagitz<\/b> am <b>Samstag, 20. Juni 2026<\/b> auf das <strong>Hahntennjoch<\/strong>.<\/p>\n<p style=\"font-weight: 400\">Das Hahntennjoch liegt zwischen dem Oberinntal und dem Lechtal. Der Ausgangspunkt f\u00fcr die Exkursion dort liegt bereits auf 1894m. Die Wegstrecke f\u00fchrt \u00fcber schmale Wanderwege (300 H\u00f6henmeter) durch artenreiche Almwiesen, Hochstaudenfluren, Latschengeb\u00fcsche, Schuttfluren, Felsen bis in die alpinen Rasen. Trittsicherheit ist erforderlich.<\/p>\n<p><b>Treffpunkt<\/b>: Start der Exkursion ist um 9:00 Uhr am Parkplatz auf der Passh\u00f6he bis ca. 16:00 Uhr (R\u00fcckkehr am Parkplatz).<\/p>\n<p><b>Besondere Hinweise<\/b>: Dauer ca. f\u00fcnf bis sechs Stunden.<\/p>\n<p><b>Kosten<\/b>: 28\u20ac \/ 15\u20ac f\u00fcr Nicht-Mitglieder \/ Mitglieder.<\/p>\n<p>Die Fortbildung wurde nach den Vorgaben der neuen Fortbildungsrichtlinien der \u00d6AK gepr\u00fcft und es werden dem Zeitaufwand entsprechende AFP (Pharmazeutisch, Pr\u00e4senz) f\u00fcr das Fortbildungskonto approbiert.<\/p>\n","protected":false},"excerpt":{"rendered":"<p><b>Halbt\u00e4gige Pharmakobotanische Exkursion<\/b> mit <b>Mag. Lechner-Pagitz<\/b> am <b>Samstag, 20. Juni 2026<\/b> auf das <strong>Hahntennjoch<\/strong>.<\/p>\n","protected":false},"featured_media":1212,"template":"","meta":[],"product_brand":[],"product_cat":[62],"product_tag":[],"class_list":{"0":"post-1213","1":"product","2":"type-product","3":"status-publish","4":"has-post-thumbnail","6":"product_cat-exkursion-t","8":"first","9":"instock","10":"virtual","11":"purchasable","12":"product-type-simple"},"_links":{"self":[{"href":"https:\/\/www.phytotherapie.at\/wordpress\/wp-json\/wp\/v2\/product\/1213","targetHints":{"allow":["GET"]}}],"collection":[{"href":"https:\/\/www.phytotherapie.at\/wordpress\/wp-json\/wp\/v2\/product"}],"about":[{"href":"https:\/\/www.phytotherapie.at\/wordpress\/wp-json\/wp\/v2\/types\/product"}],"wp:featuredmedia":[{"embeddable":true,"href":"https:\/\/www.phytotherapie.at\/wordpress\/wp-json\/wp\/v2\/media\/1212"}],"wp:attachment":[{"href":"https:\/\/www.phytotherapie.at\/wordpress\/wp-json\/wp\/v2\/media?parent=1213"}],"wp:term":[{"taxonomy":"product_brand","embeddable":true,"href":"https:\/\/www.phytotherapie.at\/wordpress\/wp-json\/wp\/v2\/product_brand?post=1213"},{"taxonomy":"product_cat","embeddable":true,"href":"https:\/\/www.phytotherapie.at\/wordpress\/wp-json\/wp\/v2\/product_cat?post=1213"},{"taxonomy":"product_tag","embeddable":true,"href":"https:\/\/www.phytotherapie.at\/wordpress\/wp-json\/wp\/v2\/product_tag?post=1213"}],"curies":[{"name":"wp","href":"https:\/\/api.w.org\/{rel}","templated":true}]}}