{"id":1242,"date":"2026-03-01T17:35:56","date_gmt":"2026-03-01T16:35:56","guid":{"rendered":"https:\/\/phytotherapie.at\/wordpress\/?post_type=product&#038;p=1242"},"modified":"2026-03-09T21:20:22","modified_gmt":"2026-03-09T20:20:22","slug":"pharmakobotanische-exkursion-in-salzburg-am-20-06-2026-nicht-mitglied","status":"publish","type":"product","link":"https:\/\/www.phytotherapie.at\/wordpress\/produkt\/pharmakobotanische-exkursion-in-salzburg-am-20-06-2026-nicht-mitglied\/","title":{"rendered":"Pharmakobotanische Exkursion in Salzburg am 20.06.2026 | Nicht-Mitglied"},"content":{"rendered":"<p class=\"lead aos-init aos-animate\" data-aos=\"fade-right\" data-aos-duration=\"1000\" data-aos-delay=\"800\"><b>Halbt\u00e4gige Pharmakobotanische Exkursion<\/b> mit <b>Mag. Ester Eder<\/b>\u00a0am <b>Samstag, 20. Juni 2026<\/b> &#8211; am stadtnahen Untersberg.<\/p>\n<p><b>Kosten<\/b>: 28\u20ac\/15\u20ac f\u00fcr Nicht-Mitglieder\/Mitglieder.<\/p>\n<p><b>Treffpunkt<\/b>: 09:00 Uhr, Parkplatz Untersbergbahn.<\/p>\n<p><b>Programm<\/b>: Die Exkursion findet am stadtnahen Untersberg statt &#8211; Da der Aufstieg ca. 1400 hm umfasst, werden wir die Untersbergbahn nutzen.<\/p>\n<p>Ticketpreise f\u00fcr Berg- und Talfahrt: Erwachsene\/Senioren\/Studenten &#8211; 34,-\/29,-\/24,- Euro. Alternativ bietet sich der Erwerb einer Salzburg Card an (38 Euro) &#8211; diese beinhaltet neben der Berg- und Talfahrt unter anderem auch die gratis Nutzung der \u00f6ffentlichen Busse. <a href=\"https:\/\/www.untersbergbahn.at\/\">https:\/\/www.untersbergbahn.at\/<\/a><\/p>\n<div><strong>Ausr\u00fcstung<\/strong>: Bergwander-Ausr\u00fcstung! Feste Bergschuhe, warme Kleidung (in der H\u00f6he ist es ca. 10 Grad k\u00e4lter), Sonnenschutz, Kopfschutz, evtl. Wanderst\u00f6cke, Erste-Hilfe-Set. \u00a0Wir gehen auf alpinen Wanderwegen (H\u00f6henunterschied am Plateau ca. 300 HM), Trittsicherheit unbedingt erforderlich.<\/div>\n<div>Dauer: ca. 4 -5 Stunden<\/div>\n<p><strong>Ende: <\/strong>ca. 13:00-14:00 Uhr.<\/p>\n<p>Die Fortbildung wurde nach den Vorgaben der neuen Fortbildungsrichtlinien der \u00d6AK gepr\u00fcft und es werden dem Zeitaufwand entsprechende AFP (Pharmazeutisch, Pr\u00e4senz) f\u00fcr das Fortbildungskonto approbiert.<\/p>\n","protected":false},"excerpt":{"rendered":"<p><b>Halbt\u00e4gige Pharmakobotanische Exkursion<\/b> mit <b>Mag. Ester Eder<\/b>\u00a0am <b>Samstag, 20. Juni 2026<\/b> &#8211; am stadtnahen Untersberg.<\/p>\n","protected":false},"featured_media":1243,"template":"","meta":[],"product_brand":[],"product_cat":[65],"product_tag":[],"class_list":{"0":"post-1242","1":"product","2":"type-product","3":"status-publish","4":"has-post-thumbnail","6":"product_cat-exkursion-sbg","8":"first","9":"instock","10":"featured","11":"virtual","12":"purchasable","13":"product-type-simple"},"_links":{"self":[{"href":"https:\/\/www.phytotherapie.at\/wordpress\/wp-json\/wp\/v2\/product\/1242","targetHints":{"allow":["GET"]}}],"collection":[{"href":"https:\/\/www.phytotherapie.at\/wordpress\/wp-json\/wp\/v2\/product"}],"about":[{"href":"https:\/\/www.phytotherapie.at\/wordpress\/wp-json\/wp\/v2\/types\/product"}],"wp:featuredmedia":[{"embeddable":true,"href":"https:\/\/www.phytotherapie.at\/wordpress\/wp-json\/wp\/v2\/media\/1243"}],"wp:attachment":[{"href":"https:\/\/www.phytotherapie.at\/wordpress\/wp-json\/wp\/v2\/media?parent=1242"}],"wp:term":[{"taxonomy":"product_brand","embeddable":true,"href":"https:\/\/www.phytotherapie.at\/wordpress\/wp-json\/wp\/v2\/product_brand?post=1242"},{"taxonomy":"product_cat","embeddable":true,"href":"https:\/\/www.phytotherapie.at\/wordpress\/wp-json\/wp\/v2\/product_cat?post=1242"},{"taxonomy":"product_tag","embeddable":true,"href":"https:\/\/www.phytotherapie.at\/wordpress\/wp-json\/wp\/v2\/product_tag?post=1242"}],"curies":[{"name":"wp","href":"https:\/\/api.w.org\/{rel}","templated":true}]}}