{"id":1253,"date":"2026-03-09T19:38:52","date_gmt":"2026-03-09T18:38:52","guid":{"rendered":"https:\/\/www.phytotherapie.at\/wordpress\/?post_type=product&#038;p=1253"},"modified":"2026-03-09T21:00:17","modified_gmt":"2026-03-09T20:00:17","slug":"pharmakobotanische-exkursion-bei-linz-nicht-mitglied","status":"publish","type":"product","link":"https:\/\/www.phytotherapie.at\/wordpress\/produkt\/pharmakobotanische-exkursion-bei-linz-nicht-mitglied\/","title":{"rendered":"Pharmakobotanische Exkursion bei Linz 09. Mai 2026 | Nicht-Mitglied"},"content":{"rendered":"<p class=\"lead aos-init aos-animate\" data-aos=\"fade-right\" data-aos-duration=\"1000\" data-aos-delay=\"800\"><b>Halbt\u00e4gige Pharmakobotanische Exkursion<\/b> mit <b>Mag. pharm. Ute Zeppetzauer und Christian Gaisberger <\/b>am <b>Samstag, 09. Mai 2026 um 14:00 Uhr.<\/b><\/p>\n<p><b>Kosten<\/b>: 28\u20ac \/ 15\u20ac f\u00fcr Nicht-Mitglieder \/ Mitglieder.<\/p>\n<p>Wir ersuchen um Anmeldung bis sp\u00e4testens 06. Mai 2026.<\/p>\n<p><b>Treffpunkt<\/b>: Bushaltestelle (Bus 192) direkt beim Turm 13 in 4060 Leonding. Parkpl\u00e4tze vorhanden.<\/p>\n<p><b>Programm<\/b>: Pharmakobotanische Exkursion mit Arzneipflanzen entlang der Route.<\/p>\n<p><b>Besondere Hinweise<\/b>:<\/p>\n<p>Die Exkursion wird bis etwa 18 Uhr dauern.<\/p>\n<p>Die Fortbildung wurde nach den Vorgaben der neuen Fortbildungsrichtlinien der \u00d6AK gepr\u00fcft und es werden dem Zeitaufwand entsprechende AFP (Pharmazeutisch, Pr\u00e4senz) f\u00fcr das Fortbildungskonto approbiert.<\/p>\n","protected":false},"excerpt":{"rendered":"<p><b>Halbt\u00e4gige Pharmakobotanische Exkursion<\/b> mit <b>Mag. pharm. Ute Zeppetzauer und Christian Gaisberger <\/b>am <b>Samstag, 09. Mai 2026 um 14:00 Uhr.<\/b><\/p>\n","protected":false},"featured_media":1252,"template":"","meta":[],"product_brand":[],"product_cat":[57],"product_tag":[],"class_list":{"0":"post-1253","1":"product","2":"type-product","3":"status-publish","4":"has-post-thumbnail","6":"product_cat-exkursion-ooe","8":"first","9":"instock","10":"featured","11":"virtual","12":"purchasable","13":"product-type-simple"},"_links":{"self":[{"href":"https:\/\/www.phytotherapie.at\/wordpress\/wp-json\/wp\/v2\/product\/1253","targetHints":{"allow":["GET"]}}],"collection":[{"href":"https:\/\/www.phytotherapie.at\/wordpress\/wp-json\/wp\/v2\/product"}],"about":[{"href":"https:\/\/www.phytotherapie.at\/wordpress\/wp-json\/wp\/v2\/types\/product"}],"wp:featuredmedia":[{"embeddable":true,"href":"https:\/\/www.phytotherapie.at\/wordpress\/wp-json\/wp\/v2\/media\/1252"}],"wp:attachment":[{"href":"https:\/\/www.phytotherapie.at\/wordpress\/wp-json\/wp\/v2\/media?parent=1253"}],"wp:term":[{"taxonomy":"product_brand","embeddable":true,"href":"https:\/\/www.phytotherapie.at\/wordpress\/wp-json\/wp\/v2\/product_brand?post=1253"},{"taxonomy":"product_cat","embeddable":true,"href":"https:\/\/www.phytotherapie.at\/wordpress\/wp-json\/wp\/v2\/product_cat?post=1253"},{"taxonomy":"product_tag","embeddable":true,"href":"https:\/\/www.phytotherapie.at\/wordpress\/wp-json\/wp\/v2\/product_tag?post=1253"}],"curies":[{"name":"wp","href":"https:\/\/api.w.org\/{rel}","templated":true}]}}