{"id":1256,"date":"2026-03-09T19:47:47","date_gmt":"2026-03-09T18:47:47","guid":{"rendered":"https:\/\/www.phytotherapie.at\/wordpress\/?post_type=product&#038;p=1256"},"modified":"2026-03-09T21:12:21","modified_gmt":"2026-03-09T20:12:21","slug":"pharmakobotanische-exkursion-in-kaernten-nicht-mitglied-3","status":"publish","type":"product","link":"https:\/\/www.phytotherapie.at\/wordpress\/produkt\/pharmakobotanische-exkursion-in-kaernten-nicht-mitglied-3\/","title":{"rendered":"Pharmakobotanische Exkursion in K\u00e4rnten 30. Mai 2026 | Nicht-Mitglied"},"content":{"rendered":"<p><b>Halbt\u00e4gige Pharmakobotanische Exkursion<\/b> mit <b>Mag. Dr. Helmut Zwander<\/b> am <b>Samstag 30.05.2026<\/b> <strong>um 14:00 Uhr<\/strong> in Dreifaltigkeit am Gray.<\/p>\n<p><b>Kosten<\/b>: 28\u20ac \/ 15\u20ac f\u00fcr Nicht-Mitglieder \/ Mitglieder.<\/p>\n<p><b>Treffpunkt<\/b>: J\u00e4gerwirt in Dreifaltigkeit am Gray. Anfahrt: Sankt Veit an der Glan \u2013 vorbei beim Krankenhaus der Barmherzigen Br\u00fcder \u2013 Schaumboden Richtung Steinbichl \u2013 3 km vor Steinbichl rechts abzweigen Richtung Dreifaltigkeit.<\/p>\n<p><b>Programm<\/b>: FNL-Kr\u00e4utergarten \u201eDreifaltigkeit am Gray\u201c<\/p>\n<p style=\"font-weight: 400\">Dieser Kr\u00e4utergarten zeichnet sich durch eine au\u00dfergew\u00f6hnliche Vielfalt an Heil- und Nutzpflanzen aus. Vor dem Besuch des Kr\u00e4utergartens kann man auch die einzige Holzkirche \u00d6sterreichs besuchen. Gleich neben der Kirche befindet sich die bekannte Ausflugsgastst\u00e4tte \u201eJ\u00e4gerwirt\u201c, wo man gut eine Nachbesprechung abhalten kann.<\/p>\n<p>&nbsp;<\/p>\n<p>Die Fortbildung wurde nach den Vorgaben der neuen Fortbildungsrichtlinien der \u00d6AK gepr\u00fcft und es werden dem Zeitaufwand entsprechende AFP (Pharmazeutisch, Pr\u00e4senz) f\u00fcr das Fortbildungskonto approbiert.<\/p>\n","protected":false},"excerpt":{"rendered":"<p><b>Halbt\u00e4gige Pharmakobotanische Exkursion<\/b> mit <b>Mag. Dr. Helmut Zwander<\/b> am <b>Samstag 30.05.2026<\/b> <strong>um 14:00 Uhr<\/strong> in Dreifaltigkeit am Gray.<\/p>\n","protected":false},"featured_media":1255,"template":"","meta":[],"product_brand":[],"product_cat":[60],"product_tag":[],"class_list":{"0":"post-1256","1":"product","2":"type-product","3":"status-publish","4":"has-post-thumbnail","6":"product_cat-exkursion-k","8":"first","9":"instock","10":"featured","11":"virtual","12":"purchasable","13":"product-type-simple"},"_links":{"self":[{"href":"https:\/\/www.phytotherapie.at\/wordpress\/wp-json\/wp\/v2\/product\/1256","targetHints":{"allow":["GET"]}}],"collection":[{"href":"https:\/\/www.phytotherapie.at\/wordpress\/wp-json\/wp\/v2\/product"}],"about":[{"href":"https:\/\/www.phytotherapie.at\/wordpress\/wp-json\/wp\/v2\/types\/product"}],"wp:featuredmedia":[{"embeddable":true,"href":"https:\/\/www.phytotherapie.at\/wordpress\/wp-json\/wp\/v2\/media\/1255"}],"wp:attachment":[{"href":"https:\/\/www.phytotherapie.at\/wordpress\/wp-json\/wp\/v2\/media?parent=1256"}],"wp:term":[{"taxonomy":"product_brand","embeddable":true,"href":"https:\/\/www.phytotherapie.at\/wordpress\/wp-json\/wp\/v2\/product_brand?post=1256"},{"taxonomy":"product_cat","embeddable":true,"href":"https:\/\/www.phytotherapie.at\/wordpress\/wp-json\/wp\/v2\/product_cat?post=1256"},{"taxonomy":"product_tag","embeddable":true,"href":"https:\/\/www.phytotherapie.at\/wordpress\/wp-json\/wp\/v2\/product_tag?post=1256"}],"curies":[{"name":"wp","href":"https:\/\/api.w.org\/{rel}","templated":true}]}}