{"id":1283,"date":"2026-03-23T08:44:09","date_gmt":"2026-03-23T07:44:09","guid":{"rendered":"https:\/\/www.phytotherapie.at\/wordpress\/?post_type=product&#038;p=1283"},"modified":"2026-03-24T08:32:57","modified_gmt":"2026-03-24T07:32:57","slug":"pharmakobotanische-exkursion-im-lainzer-tiergarten-sa-23-05-2026-nicht-mitglied","status":"publish","type":"product","link":"https:\/\/www.phytotherapie.at\/wordpress\/produkt\/pharmakobotanische-exkursion-im-lainzer-tiergarten-sa-23-05-2026-nicht-mitglied\/","title":{"rendered":"Pharmakobotanische Exkursion im Lainzer Tiergarten Sa. 23.05.2026 | Nicht-Mitglied"},"content":{"rendered":"<p class=\"lead aos-init aos-animate\" data-aos=\"fade-right\" data-aos-duration=\"1000\" data-aos-delay=\"800\"><b>Halbt\u00e4gige Pharmakobotanische Exkursion<\/b> mit <b>David Prehsler BSc.\u00a0<\/b> am <b>Samstag, 23. Mai 2026<\/b> um <strong>14:00 Uhr<\/strong> im <strong>Lainzer Tiergarten<\/strong>.<\/p>\n<p><b>Kosten<\/b>: 28\u20ac \/ 15\u20ac f\u00fcr Nicht-Mitglieder \/ Mitglieder.<\/p>\n<p>Wir ersuchen um Anmeldung bis sp\u00e4testens Mittwoch, 20. Mai 2026.<\/p>\n<p dir=\"auto\"><strong>Treffpunkt:<\/strong> Nikolaitor des Lainzer Tiergartens, Nikolausgasse, 1130 Wien (10 Minuten Fu\u00dfweg vom Bahnhof Wien H\u00fctteldorf)<\/p>\n<p dir=\"auto\"><strong>Anbindung:<\/strong> U4, S-Bahn, Busse und Z\u00fcge bis <strong>Wien H\u00fctteldorf<\/strong><\/p>\n<p><b>Programm<\/b>: Der Lainzer Tiergarten (Naturschutzgebiet, Natura 2000-Gebiet, Teil des Biosph\u00e4renparks Wienerwald) umfasst ca. 2.450 ha und liegt im \u00dcbergangsbereich zwischen Flysch- und Kalk-Wienerwald. Dadurch entsteht eine sehr hohe Struktur- und Artenvielfalt. Etwa 80 % der Fl\u00e4che sind bewaldet, der Rest besteht aus Wiesen, Lichtungen, Bachauen und kleineren Sonderstandorten.<\/p>\n<p><b>Besondere Hinweise<\/b>: Die Exkursion wird bis etwa 18 Uhr dauern.<\/p>\n<p dir=\"auto\">Bitte festes Schuhwerk mit guter Profilsohle tragen. Wei\u00dfe Schuhe sind wegen teilweise matschiger und feuchter Wege nicht geeignet, auch die Mitnahme eines Regenschutz ist ratsam.<\/p>\n<p>Die Fortbildung wurde nach den Vorgaben der neuen Fortbildungsrichtlinien der \u00d6AK gepr\u00fcft und es werden dem Zeitaufwand entsprechende AFP (Pharmazeutisch, Pr\u00e4senz) f\u00fcr das Fortbildungskonto approbiert.<\/p>\n","protected":false},"excerpt":{"rendered":"<p><b>Halbt\u00e4gige Pharmakobotanische Exkursion<\/b> mit <b>David Prehsler BSc.\u00a0<\/b> am <b>Samstag, 23. Mai 2026<\/b> um <strong>14:00 Uhr<\/strong> im <strong>Lainzer Tiergarten<\/strong>.<\/p>\n","protected":false},"featured_media":1284,"template":"","meta":[],"product_brand":[],"product_cat":[58],"product_tag":[],"class_list":{"0":"post-1283","1":"product","2":"type-product","3":"status-publish","4":"has-post-thumbnail","6":"product_cat-exkursion-w","8":"first","9":"instock","10":"virtual","11":"purchasable","12":"product-type-simple"},"_links":{"self":[{"href":"https:\/\/www.phytotherapie.at\/wordpress\/wp-json\/wp\/v2\/product\/1283","targetHints":{"allow":["GET"]}}],"collection":[{"href":"https:\/\/www.phytotherapie.at\/wordpress\/wp-json\/wp\/v2\/product"}],"about":[{"href":"https:\/\/www.phytotherapie.at\/wordpress\/wp-json\/wp\/v2\/types\/product"}],"wp:featuredmedia":[{"embeddable":true,"href":"https:\/\/www.phytotherapie.at\/wordpress\/wp-json\/wp\/v2\/media\/1284"}],"wp:attachment":[{"href":"https:\/\/www.phytotherapie.at\/wordpress\/wp-json\/wp\/v2\/media?parent=1283"}],"wp:term":[{"taxonomy":"product_brand","embeddable":true,"href":"https:\/\/www.phytotherapie.at\/wordpress\/wp-json\/wp\/v2\/product_brand?post=1283"},{"taxonomy":"product_cat","embeddable":true,"href":"https:\/\/www.phytotherapie.at\/wordpress\/wp-json\/wp\/v2\/product_cat?post=1283"},{"taxonomy":"product_tag","embeddable":true,"href":"https:\/\/www.phytotherapie.at\/wordpress\/wp-json\/wp\/v2\/product_tag?post=1283"}],"curies":[{"name":"wp","href":"https:\/\/api.w.org\/{rel}","templated":true}]}}