{"id":262,"date":"2023-04-15T13:58:14","date_gmt":"2023-04-15T11:58:14","guid":{"rendered":"https:\/\/phytotherapie.at\/wordpress\/?post_type=product&#038;p=262"},"modified":"2023-04-19T19:08:03","modified_gmt":"2023-04-19T17:08:03","slug":"pharmakobotanische-exkursion-zur_perchtoldsdorfer-heide-04-2023-mitglied","status":"publish","type":"product","link":"https:\/\/www.phytotherapie.at\/wordpress\/produkt\/pharmakobotanische-exkursion-zur_perchtoldsdorfer-heide-04-2023-mitglied\/","title":{"rendered":"Pharmakobotanische Exkursion zur Perchtoldsdorfer Heide 04\/2023 | Mitglied"},"content":{"rendered":"<h2 data-aos=\"fade-right\" data-aos-offset=\"400\">AUFGRUND SCHLECHTWETTERS VERSCHOBEN!<\/h2>\n<h3 class=\"aos-init aos-animate\" data-aos=\"fade-right\" data-aos-offset=\"400\">Pharmakobotanische Exkursion zur Perchtoldsdorfer Heide<\/h3>\n<p class=\"lead aos-init aos-animate\" data-aos=\"fade-right\" data-aos-duration=\"1000\" data-aos-delay=\"800\"><b>Ganzt\u00e4gige Pharmakobotanische Exkursion<\/b> mit <b> David Prehsler, BSc<\/b> am <b>Sonntag, 23. April 2023 um 10:00 Uhr<\/b> zur Perchtoldsdorfer Heide.<\/p>\n<p><b>Kosten<\/b>: 35\u20ac \/ 25\u20ac f\u00fcr Nicht-Mitglieder \/ Mitglieder.<\/p>\n<p>Wir ersuchen um Anmeldung bis sp\u00e4testens Freitag, 21. April 2023.<\/p>\n<p><b>Treffpunkt<\/b>: um 10:00 Uhr am Heideparkplatz &#8211; an der Kreuzung Lohnstein- und Schutzhausstra\u00dfe. am Heideparkplatz am Ende der Berggasse (\u00d6ffentlich: Stra\u00dfenbahn 60 bis Rodaun und ca. 15 Minuten Fu\u00dfweg \u00fcber den Zugang von der Dr. Gorlitzer-Gasse)<\/p>\n<p><b>Programm<\/b>: Ganzt\u00e4gige Pharmakobotanische Exkursion. Die Perchtoldsdorfer Heide ist ein sowohl durch ihren Artenreichtum wie ihre Stadtn\u00e4he herausragendes Naturjuwel. Trotz der Siedlungsn\u00e4he und der starken Nutzung f\u00fcr Freizeitaktivit\u00e4ten sind hier etliche stark bedrohte pannonische Lebensr\u00e4ume besonders sch\u00f6n ausgebildet. Neben Halbtrockenrasen, Felsfluren und w\u00e4rmeliebenden Geb\u00fcschs\u00e4umen ist auch die ber\u00fchmte Zieselkolonie eine der Hauptattraktionen.<\/p>\n<p><b>Besondere Hinweise<\/b>: F\u00fcr Verpflegung untertags muss selbst gesorgt werden (auch auf Wasser nicht vergessen!). Sonnen- bzw. Hitzeschutz nicht vergessen!<\/p>\n","protected":false},"excerpt":{"rendered":"<h2 data-aos=\"fade-right\" data-aos-offset=\"400\">AUFGRUND SCHLECHTWETTERS VERSCHOBEN!<\/h2>\n<p><b>Ganzt\u00e4gige Pharmakobotanische Exkursion<\/b> mit <b> David Prehsler, BSc<\/b> am <b>Sonntag, 23. April 2023 um 10:00 Uhr<\/b> zur Perchtoldsdorfer Heide.<\/p>\n","protected":false},"featured_media":263,"template":"","meta":[],"product_brand":[],"product_cat":[58],"product_tag":[],"class_list":{"0":"post-262","1":"product","2":"type-product","3":"status-publish","4":"has-post-thumbnail","6":"product_cat-exkursion-w","8":"first","9":"outofstock","10":"virtual","11":"purchasable","12":"product-type-simple"},"_links":{"self":[{"href":"https:\/\/www.phytotherapie.at\/wordpress\/wp-json\/wp\/v2\/product\/262","targetHints":{"allow":["GET"]}}],"collection":[{"href":"https:\/\/www.phytotherapie.at\/wordpress\/wp-json\/wp\/v2\/product"}],"about":[{"href":"https:\/\/www.phytotherapie.at\/wordpress\/wp-json\/wp\/v2\/types\/product"}],"wp:featuredmedia":[{"embeddable":true,"href":"https:\/\/www.phytotherapie.at\/wordpress\/wp-json\/wp\/v2\/media\/263"}],"wp:attachment":[{"href":"https:\/\/www.phytotherapie.at\/wordpress\/wp-json\/wp\/v2\/media?parent=262"}],"wp:term":[{"taxonomy":"product_brand","embeddable":true,"href":"https:\/\/www.phytotherapie.at\/wordpress\/wp-json\/wp\/v2\/product_brand?post=262"},{"taxonomy":"product_cat","embeddable":true,"href":"https:\/\/www.phytotherapie.at\/wordpress\/wp-json\/wp\/v2\/product_cat?post=262"},{"taxonomy":"product_tag","embeddable":true,"href":"https:\/\/www.phytotherapie.at\/wordpress\/wp-json\/wp\/v2\/product_tag?post=262"}],"curies":[{"name":"wp","href":"https:\/\/api.w.org\/{rel}","templated":true}]}}