{"id":703,"date":"2024-07-30T19:32:08","date_gmt":"2024-07-30T17:32:08","guid":{"rendered":"https:\/\/phytotherapie.at\/wordpress\/?post_type=product&#038;p=703"},"modified":"2024-09-25T18:51:13","modified_gmt":"2024-09-25T16:51:13","slug":"diplompruefung-phytopharmaka-und-phytotherapie-in-der-apothekenpraxis-19-09-2024","status":"publish","type":"product","link":"https:\/\/www.phytotherapie.at\/wordpress\/produkt\/diplompruefung-phytopharmaka-und-phytotherapie-in-der-apothekenpraxis-19-09-2024\/","title":{"rendered":"Diplompr\u00fcfung | \u201ePhytopharmaka und Phytotherapie in der Apothekenpraxis\u201c &#8211; 29.10.2024"},"content":{"rendered":"<p><strong>Pr\u00fcfung am 29. Oktober2024<\/strong><\/p>\n<p><strong>19-20 Uhr<\/strong><\/p>\n<p>In der Pr\u00fcfungsgeb\u00fchr ist die Pr\u00fcfungstaxe, der Druck und die Zustellung des Diploms sowie eines Ansteck-Pins inkludiert.<\/p>\n<p>Jeder Teilnehmer erh\u00e4lt nach Abschluss der Buchung einen Link zu einem Online-Formular, das sp\u00e4testens 24 Stunden vor der Pr\u00fcfung ausgef\u00fcllt werden muss. Dabei findet die Bekanntgabe der Zustellungsadresse, die Angabe einer Telefonnummer als Sicherheitsfaktor bei Verbindungsproblemen und das Hochladen eines Fallbeispiels (Word-Datei, PDF oder PowerPoint-Pr\u00e4sentation) statt.<\/p>\n","protected":false},"excerpt":{"rendered":"<p><strong>Pr\u00fcfung am 29. Oktober 2024<\/strong><\/p>\n<p><strong>19-20 Uhr<\/strong><\/p>\n","protected":false},"featured_media":701,"template":"","meta":[],"product_brand":[],"product_cat":[69],"product_tag":[],"class_list":{"0":"post-703","1":"product","2":"type-product","3":"status-publish","4":"has-post-thumbnail","6":"product_cat-pruefung-apo-diplom","8":"first","9":"outofstock","10":"sold-individually","11":"shipping-taxable","12":"purchasable","13":"product-type-simple"},"_links":{"self":[{"href":"https:\/\/www.phytotherapie.at\/wordpress\/wp-json\/wp\/v2\/product\/703","targetHints":{"allow":["GET"]}}],"collection":[{"href":"https:\/\/www.phytotherapie.at\/wordpress\/wp-json\/wp\/v2\/product"}],"about":[{"href":"https:\/\/www.phytotherapie.at\/wordpress\/wp-json\/wp\/v2\/types\/product"}],"wp:featuredmedia":[{"embeddable":true,"href":"https:\/\/www.phytotherapie.at\/wordpress\/wp-json\/wp\/v2\/media\/701"}],"wp:attachment":[{"href":"https:\/\/www.phytotherapie.at\/wordpress\/wp-json\/wp\/v2\/media?parent=703"}],"wp:term":[{"taxonomy":"product_brand","embeddable":true,"href":"https:\/\/www.phytotherapie.at\/wordpress\/wp-json\/wp\/v2\/product_brand?post=703"},{"taxonomy":"product_cat","embeddable":true,"href":"https:\/\/www.phytotherapie.at\/wordpress\/wp-json\/wp\/v2\/product_cat?post=703"},{"taxonomy":"product_tag","embeddable":true,"href":"https:\/\/www.phytotherapie.at\/wordpress\/wp-json\/wp\/v2\/product_tag?post=703"}],"curies":[{"name":"wp","href":"https:\/\/api.w.org\/{rel}","templated":true}]}}