{"id":796,"date":"2025-01-08T10:44:59","date_gmt":"2025-01-08T09:44:59","guid":{"rendered":"https:\/\/phytotherapie.at\/wordpress\/?post_type=product&#038;p=796"},"modified":"2025-01-15T11:54:32","modified_gmt":"2025-01-15T10:54:32","slug":"pharmakobotanische-exkursion-in-kaernten-mitglied-2","status":"publish","type":"product","link":"https:\/\/www.phytotherapie.at\/wordpress\/produkt\/pharmakobotanische-exkursion-in-kaernten-mitglied-2\/","title":{"rendered":"Pharmakobotanische Exkursion in K\u00e4rnten | Mitglied"},"content":{"rendered":"<p><b>Halbt\u00e4gige Pharmakobotanische Exkursion<\/b> mit <b>Mag. Dr. Helmut Zwander<\/b> am <b>Samstag 31.05.2025<\/b>\u00a0in Wurdach.<\/p>\n<p>Wurdach liegt auf dem Plateau des Sattnitzzuges. Dieser\u00a0<span class=\"SpellE\">H\u00fcgelzug<\/span>\u00a0wurde bereits von den Botanikern des 19. Jahrhunderts als der \u201eBlumengarten K\u00e4rntens\u201c bezeichnet.<\/p>\n<p><b>Kosten<\/b>: 25\u20ac \/ 15\u20ac f\u00fcr Nicht-Mitglieder \/ Mitglieder.<\/p>\n<p><b>Treffpunkt<\/b>: 14:00 Uhr; Dorfzentrum Wurdach (beim Feuerwehrhaus), Gemeine K\u00f6ttmannsdorf.<\/p>\n<p><b>Programm<\/b>: Die reine\u00a0Gehzeit\u00a0der ethnobotanischen Wanderung betr\u00e4gt etwa 45 Minuten. Mit den ethnobotanischen Informationen werden es drei Stunden sein.<\/p>\n<p style=\"font-weight: 400\">Ziel ist die Waldkapelle oberhalb von Wurdach. Hier gibt es ein WC und die M\u00f6glichkeit, aus dem \u201eSelf-Service-K\u00fchlschrank\u201c ein Getr\u00e4nke zu entnehmen.<\/p>\n<p>&nbsp;<\/p>\n<p>Die Fortbildung wurde nach den Vorgaben der neuen Fortbildungsrichtlinien der \u00d6AK gepr\u00fcft und es werden dem Zeitaufwand entsprechende AFP (Pharmazeutisch, Pr\u00e4senz) f\u00fcr das Fortbildungskonto approbiert.<\/p>\n","protected":false},"excerpt":{"rendered":"<p><b>Halbt\u00e4gige Pharmakobotanische Exkursion<\/b> mit <b>Mag. Dr. Helmut Zwander<\/b> am <b>Samstag 31.05.2025<\/b>\u00a0in Wurdach.<\/p>\n","protected":false},"featured_media":794,"template":"","meta":[],"product_brand":[],"product_cat":[60],"product_tag":[],"class_list":{"0":"post-796","1":"product","2":"type-product","3":"status-publish","4":"has-post-thumbnail","6":"product_cat-exkursion-k","8":"first","9":"instock","10":"virtual","11":"purchasable","12":"product-type-simple"},"_links":{"self":[{"href":"https:\/\/www.phytotherapie.at\/wordpress\/wp-json\/wp\/v2\/product\/796","targetHints":{"allow":["GET"]}}],"collection":[{"href":"https:\/\/www.phytotherapie.at\/wordpress\/wp-json\/wp\/v2\/product"}],"about":[{"href":"https:\/\/www.phytotherapie.at\/wordpress\/wp-json\/wp\/v2\/types\/product"}],"wp:featuredmedia":[{"embeddable":true,"href":"https:\/\/www.phytotherapie.at\/wordpress\/wp-json\/wp\/v2\/media\/794"}],"wp:attachment":[{"href":"https:\/\/www.phytotherapie.at\/wordpress\/wp-json\/wp\/v2\/media?parent=796"}],"wp:term":[{"taxonomy":"product_brand","embeddable":true,"href":"https:\/\/www.phytotherapie.at\/wordpress\/wp-json\/wp\/v2\/product_brand?post=796"},{"taxonomy":"product_cat","embeddable":true,"href":"https:\/\/www.phytotherapie.at\/wordpress\/wp-json\/wp\/v2\/product_cat?post=796"},{"taxonomy":"product_tag","embeddable":true,"href":"https:\/\/www.phytotherapie.at\/wordpress\/wp-json\/wp\/v2\/product_tag?post=796"}],"curies":[{"name":"wp","href":"https:\/\/api.w.org\/{rel}","templated":true}]}}