{"id":803,"date":"2025-01-09T12:51:26","date_gmt":"2025-01-09T11:51:26","guid":{"rendered":"https:\/\/phytotherapie.at\/wordpress\/?post_type=product&#038;p=803"},"modified":"2025-05-19T20:53:29","modified_gmt":"2025-05-19T18:53:29","slug":"pharmakobotanische-exkursion-im-botanischen-garten-der-universitaet-wien-23-mai-2025-nicht-mitglied","status":"publish","type":"product","link":"https:\/\/www.phytotherapie.at\/wordpress\/produkt\/pharmakobotanische-exkursion-im-botanischen-garten-der-universitaet-wien-23-mai-2025-nicht-mitglied\/","title":{"rendered":"Pharmakobotanische Exkursion im Botanischen Garten der Universit\u00e4t Wien \u2013 23. Mai 2025 | Nicht-Mitglied"},"content":{"rendered":"<h3 class=\"aos-init aos-animate\" data-aos=\"fade-right\" data-aos-offset=\"400\">Pharmakobotanische Exkursion im Botanischen Garten der Universit\u00e4t Wien<\/h3>\n<p class=\"lead aos-init aos-animate\" data-aos=\"fade-right\" data-aos-duration=\"1000\" data-aos-delay=\"800\"><b>Pharmakobotanische Exkursion<\/b> mit <b> Mag. pharm. Christine Wolloch<\/b> am <b>Freitag, 23. Mai 2025 um 15:30 Uhr<\/b> im Botanischen Garten der Universit\u00e4t Wien.<\/p>\n<p><b>Kosten<\/b>: 28\u20ac \/ 15\u20ac f\u00fcr Nicht-Mitglieder \/ Mitglieder.<\/p>\n<p>Wir ersuchen um Anmeldung bis sp\u00e4testens Freitag, 16. Mai 2025.<\/p>\n<p><b>Treffpunkt<\/b>: um 15:30 Uhr vor dem H\u00e4uschen des Gartenportiers beim Haupteingang \/ Mechelgasse 2, 1030 Wien.<\/p>\n<p><b>Programm<\/b>: Pharmakobotanische Exkursion mit dem Schwerpunkt Arzneipflanzen und deren Besonderheiten unter Ber\u00fccksichtigung der zu dieser Jahreszeit relevanten Pflanzen.<\/p>\n<p><b>Besondere Hinweise<\/b>: Die Exkursion wird bis etwa 17 Uhr dauern. Kinder sind willkommen. Die Mitnahme von Hunden ist nicht m\u00f6glich.<\/p>\n<p>Die Fortbildung wurde nach den Vorgaben der neuen Fortbildungsrichtlinien der \u00d6AK gepr\u00fcft und es werden dem Zeitaufwand entsprechende AFP (Pharmazeutisch, Pr\u00e4senz) f\u00fcr das Fortbildungskonto approbiert.<\/p>\n","protected":false},"excerpt":{"rendered":"<p><b>Pharmakobotanische Exkursion<\/b> mit <b> Mag. pharm. Christine Wolloch<\/b> am <b>Freitag, 23. Mai 2025 um 15:30 Uhr<\/b> im Botanischen Garten der Universit\u00e4t Wien.<\/p>\n","protected":false},"featured_media":723,"template":"","meta":[],"product_brand":[],"product_cat":[58],"product_tag":[],"class_list":{"0":"post-803","1":"product","2":"type-product","3":"status-publish","4":"has-post-thumbnail","6":"product_cat-exkursion-w","8":"first","9":"outofstock","10":"virtual","11":"purchasable","12":"product-type-simple"},"_links":{"self":[{"href":"https:\/\/www.phytotherapie.at\/wordpress\/wp-json\/wp\/v2\/product\/803","targetHints":{"allow":["GET"]}}],"collection":[{"href":"https:\/\/www.phytotherapie.at\/wordpress\/wp-json\/wp\/v2\/product"}],"about":[{"href":"https:\/\/www.phytotherapie.at\/wordpress\/wp-json\/wp\/v2\/types\/product"}],"wp:featuredmedia":[{"embeddable":true,"href":"https:\/\/www.phytotherapie.at\/wordpress\/wp-json\/wp\/v2\/media\/723"}],"wp:attachment":[{"href":"https:\/\/www.phytotherapie.at\/wordpress\/wp-json\/wp\/v2\/media?parent=803"}],"wp:term":[{"taxonomy":"product_brand","embeddable":true,"href":"https:\/\/www.phytotherapie.at\/wordpress\/wp-json\/wp\/v2\/product_brand?post=803"},{"taxonomy":"product_cat","embeddable":true,"href":"https:\/\/www.phytotherapie.at\/wordpress\/wp-json\/wp\/v2\/product_cat?post=803"},{"taxonomy":"product_tag","embeddable":true,"href":"https:\/\/www.phytotherapie.at\/wordpress\/wp-json\/wp\/v2\/product_tag?post=803"}],"curies":[{"name":"wp","href":"https:\/\/api.w.org\/{rel}","templated":true}]}}