{"id":815,"date":"2025-01-15T10:35:16","date_gmt":"2025-01-15T09:35:16","guid":{"rendered":"https:\/\/phytotherapie.at\/wordpress\/?post_type=product&#038;p=815"},"modified":"2025-05-22T09:12:29","modified_gmt":"2025-05-22T07:12:29","slug":"pharmakobotanische-exkursion-in-den-wienerwald-24-05-2025-mitglied","status":"publish","type":"product","link":"https:\/\/www.phytotherapie.at\/wordpress\/produkt\/pharmakobotanische-exkursion-in-den-wienerwald-24-05-2025-mitglied\/","title":{"rendered":"Pharmakobotanische Exkursion in den Wienerwald 24.05.2025 | Mitglied"},"content":{"rendered":"<p class=\"lead aos-init aos-animate\" data-aos=\"fade-right\" data-aos-duration=\"1000\" data-aos-delay=\"800\"><b>Halbt\u00e4gige Pharmakobotanische Exkursion<\/b> mit <b>Mag. pharm. Arnold Achm\u00fcller<\/b> am <b>Samstag, 24. Mai 2025 von 14-18:00 Uhr<\/b> in den Wienerwald.<\/p>\n<p><b>Kosten<\/b>: 25\u20ac \/ 15\u20ac f\u00fcr Nicht-Mitglieder \/ Mitglieder.<\/p>\n<p>Wir ersuchen um Anmeldung bis sp\u00e4testens Freitag, 16. Mai 2025.<\/p>\n<p><strong>Start- und Endpunkt<\/strong>: 1140,\u00a0<b>Station Kasgraben<\/b>\u00a0(Postbuslinie 450)<br \/>\nErreichbar von Wien H\u00fctteldorf (Bahnhof) mit Buslinie 450 Abfahrt 13.35 Uhr<\/p>\n<p>Fahrplan Buslinie 450 zum Download als .pdf:<\/p>\n<p><a href=\"https:\/\/www.verkehrsmittel.info\/app\/download\/16902677024\/450+15.12.2024.pdf?t=1734297069\">https:\/\/www.verkehrsmittel.info\/app\/download\/16902677024\/450+15.12.2024.pdf?t=1734297069<\/a><\/p>\n<p><b>Programm<\/b>: Arzneipflanzen im Wienerwald<\/p>\n<p><b>Besondere Hinweise<\/b>: Die Exkursion wird bis etwa 18 Uhr dauern.<\/p>\n<p>Die Fortbildung wurde nach den Vorgaben der neuen Fortbildungsrichtlinien der \u00d6AK gepr\u00fcft und es werden dem Zeitaufwand entsprechende AFP (Pharmazeutisch, Pr\u00e4senz) f\u00fcr das Fortbildungskonto approbiert.<\/p>\n","protected":false},"excerpt":{"rendered":"<p><b>Halbt\u00e4gige Pharmakobotanische Exkursion<\/b> mit <b>Mag. pharm. Arnold Achm\u00fcller<\/b> am <b>Samstag, 24. Mai 2025 von 14-18:00 Uhr<\/b> in den Wienerwald.<\/p>\n","protected":false},"featured_media":545,"template":"","meta":[],"product_brand":[],"product_cat":[58],"product_tag":[],"class_list":{"0":"post-815","1":"product","2":"type-product","3":"status-publish","4":"has-post-thumbnail","6":"product_cat-exkursion-w","8":"first","9":"outofstock","10":"virtual","11":"purchasable","12":"product-type-simple"},"_links":{"self":[{"href":"https:\/\/www.phytotherapie.at\/wordpress\/wp-json\/wp\/v2\/product\/815","targetHints":{"allow":["GET"]}}],"collection":[{"href":"https:\/\/www.phytotherapie.at\/wordpress\/wp-json\/wp\/v2\/product"}],"about":[{"href":"https:\/\/www.phytotherapie.at\/wordpress\/wp-json\/wp\/v2\/types\/product"}],"wp:featuredmedia":[{"embeddable":true,"href":"https:\/\/www.phytotherapie.at\/wordpress\/wp-json\/wp\/v2\/media\/545"}],"wp:attachment":[{"href":"https:\/\/www.phytotherapie.at\/wordpress\/wp-json\/wp\/v2\/media?parent=815"}],"wp:term":[{"taxonomy":"product_brand","embeddable":true,"href":"https:\/\/www.phytotherapie.at\/wordpress\/wp-json\/wp\/v2\/product_brand?post=815"},{"taxonomy":"product_cat","embeddable":true,"href":"https:\/\/www.phytotherapie.at\/wordpress\/wp-json\/wp\/v2\/product_cat?post=815"},{"taxonomy":"product_tag","embeddable":true,"href":"https:\/\/www.phytotherapie.at\/wordpress\/wp-json\/wp\/v2\/product_tag?post=815"}],"curies":[{"name":"wp","href":"https:\/\/api.w.org\/{rel}","templated":true}]}}