{"id":817,"date":"2025-01-15T10:54:34","date_gmt":"2025-01-15T09:54:34","guid":{"rendered":"https:\/\/phytotherapie.at\/wordpress\/?post_type=product&#038;p=817"},"modified":"2025-05-19T20:56:17","modified_gmt":"2025-05-19T18:56:17","slug":"exkursion-zur-firma-kottas-pharma-gmbh-10-maerz-2025","status":"publish","type":"product","link":"https:\/\/www.phytotherapie.at\/wordpress\/produkt\/exkursion-zur-firma-kottas-pharma-gmbh-10-maerz-2025\/","title":{"rendered":"Exkursion zur Firma KOTTAS PHARMA GmbH &#8211; 10. M\u00e4rz 2025"},"content":{"rendered":"<p><strong>EXKURSION ZUR FIRMA KOTTAS PHARMA GMBH mit Dr. Oliver Vendl am Montag, 10. M\u00e4rz 2025 ab 14:00 Uhr<\/strong><\/p>\n<p><strong>Kosten<\/strong>: 10\u20ac pro Person<\/p>\n<p>Wir ersuchen um Anmeldung bis sp\u00e4testens Montag, 3. M\u00e4rz 2025<\/p>\n<p><strong>Treffpunkt<\/strong>: Endresstra\u00dfe 90, 1230 Wien um 14:00 Uhr<\/p>\n<p><strong>Programm<\/strong>: Besichtigung der Produktionsst\u00e4tte und Teebeutelabf\u00fcllung in der Endresstra\u00dfe und Besuch des Kr\u00e4uterlagers in der Eitnergasse im 23. Bezirk in Wien.<\/p>\n<p><strong>Besondere Hinweise<\/strong>: Die Exkursion wird bis etwa 17 Uhr dauern. Bitte beachten Sie, dass die Mitnahme von Hunden nicht m\u00f6glich ist. Der kurze Transport zwischen den beiden Firmenstandorten wird organisiert.<\/p>\n","protected":false},"excerpt":{"rendered":"<p><strong>EXKURSION ZUR FIRMA KOTTAS PHARMA GMBH mit Dr. Oliver Vendl am Montag, 10. M\u00e4rz 2025 ab 14:00 Uhr<\/strong><\/p>\n","protected":false},"featured_media":419,"template":"","meta":[],"product_brand":[],"product_cat":[58],"product_tag":[],"class_list":{"0":"post-817","1":"product","2":"type-product","3":"status-publish","4":"has-post-thumbnail","6":"product_cat-exkursion-w","8":"first","9":"outofstock","10":"virtual","11":"purchasable","12":"product-type-simple"},"_links":{"self":[{"href":"https:\/\/www.phytotherapie.at\/wordpress\/wp-json\/wp\/v2\/product\/817","targetHints":{"allow":["GET"]}}],"collection":[{"href":"https:\/\/www.phytotherapie.at\/wordpress\/wp-json\/wp\/v2\/product"}],"about":[{"href":"https:\/\/www.phytotherapie.at\/wordpress\/wp-json\/wp\/v2\/types\/product"}],"wp:featuredmedia":[{"embeddable":true,"href":"https:\/\/www.phytotherapie.at\/wordpress\/wp-json\/wp\/v2\/media\/419"}],"wp:attachment":[{"href":"https:\/\/www.phytotherapie.at\/wordpress\/wp-json\/wp\/v2\/media?parent=817"}],"wp:term":[{"taxonomy":"product_brand","embeddable":true,"href":"https:\/\/www.phytotherapie.at\/wordpress\/wp-json\/wp\/v2\/product_brand?post=817"},{"taxonomy":"product_cat","embeddable":true,"href":"https:\/\/www.phytotherapie.at\/wordpress\/wp-json\/wp\/v2\/product_cat?post=817"},{"taxonomy":"product_tag","embeddable":true,"href":"https:\/\/www.phytotherapie.at\/wordpress\/wp-json\/wp\/v2\/product_tag?post=817"}],"curies":[{"name":"wp","href":"https:\/\/api.w.org\/{rel}","templated":true}]}}